{"id":7,"date":"2024-04-10T11:47:12","date_gmt":"2024-04-10T09:47:12","guid":{"rendered":"https:\/\/saspbh.fr\/?page_id=7"},"modified":"2024-04-10T11:47:12","modified_gmt":"2024-04-10T09:47:12","slug":"pbh-sas","status":"publish","type":"page","link":"https:\/\/saspbh.fr\/","title":{"rendered":"PBH SAS"},"content":{"rendered":"<p>&nbsp;<\/p>\n<header>\n<div class=\"container\">\n<nav class=\"menu\">\n<ul>\n<li><a href=\"#presentation\">Pr\u00e9sentation<\/a><\/li>\n<li><a href=\"#prestations\">Prestations Administratives<\/a><\/li>\n<li><a href=\"#strategie\">Conseils en Strat\u00e9gie d&rsquo;Entreprise<\/a><\/li>\n<li><a href=\"#informatique\">Conseils en Informatique<\/a><\/li>\n<li><a href=\"#contact\">Contact<\/a><\/li>\n<\/ul>\n<\/nav>\n<\/div>\n<\/header>\n<p><!-- Section 1 : Pr\u00e9sentation --><\/p>\n<section id=\"presentation\">\n<div class=\"container\">\n<h2>Bienvenue chez PBH SAS<\/h2>\n<p>PBH SAS est une entreprise sp\u00e9cialis\u00e9e dans les prestations administratives, les conseils en strat\u00e9gie d&rsquo;entreprise et l&rsquo;informatique. Depuis notre cr\u00e9ation, nous mettons notre expertise au service de nos clients pour les accompagner dans leur d\u00e9veloppement.<\/p>\n<\/div>\n<\/section>\n<p><!-- Section 2 : Prestations Administratives --><\/p>\n<section id=\"prestations\">\n<div class=\"container\">\n<h2>Prestations Administratives<\/h2>\n<p>Nous proposons une gamme compl\u00e8te de prestations administratives pour simplifier la gestion quotidienne de votre entreprise. Que ce soit pour la gestion des ressources humaines, la comptabilit\u00e9, ou la gestion documentaire, nous sommes l\u00e0 pour vous aider.<\/p>\n<\/div>\n<\/section>\n<p><!-- Section 3 : Conseils en Strat\u00e9gie d'Entreprise --><\/p>\n<section id=\"strategie\">\n<div class=\"container\">\n<h2>Conseils en Strat\u00e9gie d&rsquo;Entreprise<\/h2>\n<p>Nos consultants experts vous accompagnent dans l&rsquo;\u00e9laboration et la mise en \u0153uvre de votre strat\u00e9gie d&rsquo;entreprise. Que vous soyez une start-up en pleine croissance ou une entreprise \u00e9tablie, nous vous aidons \u00e0 d\u00e9finir des objectifs clairs et \u00e0 prendre les bonnes d\u00e9cisions pour votre d\u00e9veloppement.<\/p>\n<\/div>\n<\/section>\n<p><!-- Section 4 : Conseils en Informatique --><\/p>\n<section id=\"informatique\">\n<div class=\"container\">\n<h2>Conseils en Informatique<\/h2>\n<div class=\"sub-section\">\n<h3>Programmation<\/h3>\n<p>Nos d\u00e9veloppeurs ma\u00eetrisent les derni\u00e8res technologies de programmation pour r\u00e9pondre \u00e0 vos besoins sp\u00e9cifiques. Que ce soit pour le d\u00e9veloppement d&rsquo;applications web ou mobiles, nous sommes l\u00e0 pour concr\u00e9tiser vos id\u00e9es.<\/p>\n<\/div>\n<div class=\"sub-section\">\n<h3>R\u00e9seaux<\/h3>\n<p>Une infrastructure r\u00e9seau solide est essentielle pour assurer le bon fonctionnement de votre entreprise. Nos experts en r\u00e9seaux vous accompagnent dans la conception, la mise en place et la maintenance de vos r\u00e9seaux informatiques.<\/p>\n<\/div>\n<div class=\"sub-section\">\n<h3>Cybers\u00e9curit\u00e9<\/h3>\n<p>La cybers\u00e9curit\u00e9 est un enjeu majeur pour toutes les entreprises. Nous vous aidons \u00e0 prot\u00e9ger vos donn\u00e9es et vos syst\u00e8mes contre les cybermenaces. De l&rsquo;audit de s\u00e9curit\u00e9 \u00e0 la mise en place de solutions de protection avanc\u00e9es, nous assurons la s\u00e9curit\u00e9 de votre entreprise.<\/p>\n<\/div>\n<\/div>\n<\/section>\n<p><!-- Section 5 : Contact --><\/p>\n<section id=\"contact\">\n<div class=\"container\">\n<h2>Contactez-nous<\/h2>\n<p>Pour toute question ou demande de renseignements, n&rsquo;h\u00e9sitez pas \u00e0 nous contacter :<\/p>\n<ul>\n<li><strong>Email :<\/strong> contact@saspbh.fr<\/li>\n<\/ul>\n<\/div>\n<\/section>\n<p><!--?php wp_footer(); ?--><\/p>\n","protected":false},"excerpt":{"rendered":"<p>&nbsp; Pr\u00e9sentation Prestations Administratives Conseils en Strat\u00e9gie d&rsquo;Entreprise Conseils en Informatique Contact Bienvenue chez PBH SAS PBH SAS est une entreprise sp\u00e9cialis\u00e9e dans les prestations administratives, les conseils en strat\u00e9gie d&rsquo;entreprise et l&rsquo;informatique. Depuis notre cr\u00e9ation, nous mettons notre expertise au service de nos clients pour les accompagner dans leur d\u00e9veloppement. Prestations Administratives Nous proposons [&hellip;]<\/p>\n","protected":false},"author":1,"featured_media":0,"parent":0,"menu_order":0,"comment_status":"closed","ping_status":"closed","template":"","meta":{"footnotes":""},"class_list":["post-7","page","type-page","status-publish","hentry"],"_links":{"self":[{"href":"https:\/\/saspbh.fr\/index.php?rest_route=\/wp\/v2\/pages\/7","targetHints":{"allow":["GET"]}}],"collection":[{"href":"https:\/\/saspbh.fr\/index.php?rest_route=\/wp\/v2\/pages"}],"about":[{"href":"https:\/\/saspbh.fr\/index.php?rest_route=\/wp\/v2\/types\/page"}],"author":[{"embeddable":true,"href":"https:\/\/saspbh.fr\/index.php?rest_route=\/wp\/v2\/users\/1"}],"replies":[{"embeddable":true,"href":"https:\/\/saspbh.fr\/index.php?rest_route=%2Fwp%2Fv2%2Fcomments&post=7"}],"version-history":[{"count":1,"href":"https:\/\/saspbh.fr\/index.php?rest_route=\/wp\/v2\/pages\/7\/revisions"}],"predecessor-version":[{"id":8,"href":"https:\/\/saspbh.fr\/index.php?rest_route=\/wp\/v2\/pages\/7\/revisions\/8"}],"wp:attachment":[{"href":"https:\/\/saspbh.fr\/index.php?rest_route=%2Fwp%2Fv2%2Fmedia&parent=7"}],"curies":[{"name":"wp","href":"https:\/\/api.w.org\/{rel}","templated":true}]}}